{"id":714,"date":"2018-09-23T12:03:56","date_gmt":"2018-09-23T10:03:56","guid":{"rendered":"https:\/\/www.kyffhaeuser-kameradschaft-ritterhude.de\/?page_id=714"},"modified":"2018-09-23T12:03:56","modified_gmt":"2018-09-23T10:03:56","slug":"ortsbegehung-ritterhude","status":"publish","type":"page","link":"https:\/\/www.kyffhaeuser-kameradschaft-ritterhude.de\/?page_id=714","title":{"rendered":"Ortsbegehung Ritterhude"},"content":{"rendered":"\n\t\t<style type=\"text\/css\">\n\t\t\t#gallery-1 {\n\t\t\t\tmargin: auto;\n\t\t\t}\n\t\t\t#gallery-1 .gallery-item {\n\t\t\t\tfloat: left;\n\t\t\t\tmargin-top: 10px;\n\t\t\t\ttext-align: center;\n\t\t\t\twidth: 33%;\n\t\t\t}\n\t\t\t#gallery-1 img {\n\t\t\t\tborder: 2px solid #cfcfcf;\n\t\t\t}\n\t\t\t#gallery-1 .gallery-caption {\n\t\t\t\tmargin-left: 0;\n\t\t\t}\n\t\t\t\/* see gallery_shortcode() in wp-includes\/media.php *\/\n\t\t<\/style>\n\t\t<div id='gallery-1' class='gallery galleryid-714 gallery-columns-3 gallery-size-thumbnail'><dl class='gallery-item'>\n\t\t\t<dt class='gallery-icon portrait'>\n\t\t\t\t<a href='https:\/\/www.kyffhaeuser-kameradschaft-ritterhude.de\/?attachment_id=699'><img loading=\"lazy\" decoding=\"async\" width=\"150\" height=\"150\" src=\"https:\/\/www.kyffhaeuser-kameradschaft-ritterhude.de\/wordpress\/wp-content\/uploads\/2018\/09\/Ortsbegehung_2018_01-150x150.jpg\" class=\"attachment-thumbnail size-thumbnail\" alt=\"\" aria-describedby=\"gallery-1-699\" \/><\/a>\n\t\t\t<\/dt>\n\t\t\t\t<dd class='wp-caption-text gallery-caption' id='gallery-1-699'>\n\t\t\t\tVorbereitung ist alles!\n\t\t\t\t<\/dd><\/dl><dl class='gallery-item'>\n\t\t\t<dt class='gallery-icon portrait'>\n\t\t\t\t<a href='https:\/\/www.kyffhaeuser-kameradschaft-ritterhude.de\/?attachment_id=700'><img loading=\"lazy\" decoding=\"async\" width=\"150\" height=\"150\" src=\"https:\/\/www.kyffhaeuser-kameradschaft-ritterhude.de\/wordpress\/wp-content\/uploads\/2018\/09\/Ortsbegehung_2018_02-150x150.jpg\" class=\"attachment-thumbnail size-thumbnail\" alt=\"\" aria-describedby=\"gallery-1-700\" \/><\/a>\n\t\t\t<\/dt>\n\t\t\t\t<dd class='wp-caption-text gallery-caption' id='gallery-1-700'>\n\t\t\t\tGute Stimmung und Vorfreude\n\t\t\t\t<\/dd><\/dl><dl class='gallery-item'>\n\t\t\t<dt class='gallery-icon portrait'>\n\t\t\t\t<a href='https:\/\/www.kyffhaeuser-kameradschaft-ritterhude.de\/?attachment_id=703'><img loading=\"lazy\" decoding=\"async\" width=\"150\" height=\"150\" src=\"https:\/\/www.kyffhaeuser-kameradschaft-ritterhude.de\/wordpress\/wp-content\/uploads\/2018\/09\/Ortsbegehung_2018_05-150x150.jpg\" class=\"attachment-thumbnail size-thumbnail\" alt=\"\" aria-describedby=\"gallery-1-703\" \/><\/a>\n\t\t\t<\/dt>\n\t\t\t\t<dd class='wp-caption-text gallery-caption' id='gallery-1-703'>\n\t\t\t\tAm Ort des Geschehens wirken Bilder der Sturmflut von 1962\n\t\t\t\t<\/dd><\/dl><br style=\"clear: both\" \/><dl class='gallery-item'>\n\t\t\t<dt class='gallery-icon portrait'>\n\t\t\t\t<a href='https:\/\/www.kyffhaeuser-kameradschaft-ritterhude.de\/?attachment_id=701'><img loading=\"lazy\" decoding=\"async\" width=\"150\" height=\"150\" src=\"https:\/\/www.kyffhaeuser-kameradschaft-ritterhude.de\/wordpress\/wp-content\/uploads\/2018\/09\/Ortsbegehung_2018_03-150x150.jpg\" class=\"attachment-thumbnail size-thumbnail\" alt=\"\" aria-describedby=\"gallery-1-701\" \/><\/a>\n\t\t\t<\/dt>\n\t\t\t\t<dd class='wp-caption-text gallery-caption' id='gallery-1-701'>\n\t\t\t\tDammstrasse\n\t\t\t\t<\/dd><\/dl><dl class='gallery-item'>\n\t\t\t<dt class='gallery-icon portrait'>\n\t\t\t\t<a href='https:\/\/www.kyffhaeuser-kameradschaft-ritterhude.de\/?attachment_id=702'><img loading=\"lazy\" decoding=\"async\" width=\"150\" height=\"150\" src=\"https:\/\/www.kyffhaeuser-kameradschaft-ritterhude.de\/wordpress\/wp-content\/uploads\/2018\/09\/Ortsbegehung_2018_04-150x150.jpg\" class=\"attachment-thumbnail size-thumbnail\" alt=\"\" aria-describedby=\"gallery-1-702\" \/><\/a>\n\t\t\t<\/dt>\n\t\t\t\t<dd class='wp-caption-text gallery-caption' id='gallery-1-702'>\n\t\t\t\tAm Dammgut\n\t\t\t\t<\/dd><\/dl><dl class='gallery-item'>\n\t\t\t<dt class='gallery-icon portrait'>\n\t\t\t\t<a href='https:\/\/www.kyffhaeuser-kameradschaft-ritterhude.de\/?attachment_id=705'><img loading=\"lazy\" decoding=\"async\" width=\"150\" height=\"150\" src=\"https:\/\/www.kyffhaeuser-kameradschaft-ritterhude.de\/wordpress\/wp-content\/uploads\/2018\/09\/Ortsbegehung_2018_07a-150x150.jpg\" class=\"attachment-thumbnail size-thumbnail\" alt=\"\" aria-describedby=\"gallery-1-705\" \/><\/a>\n\t\t\t<\/dt>\n\t\t\t\t<dd class='wp-caption-text gallery-caption' id='gallery-1-705'>\n\t\t\t\tBlick von der Ritterhuder Schleuse\n\t\t\t\t<\/dd><\/dl><br style=\"clear: both\" \/><dl class='gallery-item'>\n\t\t\t<dt class='gallery-icon portrait'>\n\t\t\t\t<a href='https:\/\/www.kyffhaeuser-kameradschaft-ritterhude.de\/?attachment_id=704'><img loading=\"lazy\" decoding=\"async\" width=\"150\" height=\"150\" src=\"https:\/\/www.kyffhaeuser-kameradschaft-ritterhude.de\/wordpress\/wp-content\/uploads\/2018\/09\/Ortsbegehung_2018_07-150x150.jpg\" class=\"attachment-thumbnail size-thumbnail\" alt=\"\" aria-describedby=\"gallery-1-704\" \/><\/a>\n\t\t\t<\/dt>\n\t\t\t\t<dd class='wp-caption-text gallery-caption' id='gallery-1-704'>\n\t\t\t\tWo verlief die Hamme vor dem Bau der Schleuse\n\t\t\t\t<\/dd><\/dl><dl class='gallery-item'>\n\t\t\t<dt class='gallery-icon portrait'>\n\t\t\t\t<a href='https:\/\/www.kyffhaeuser-kameradschaft-ritterhude.de\/?attachment_id=706'><img loading=\"lazy\" decoding=\"async\" width=\"150\" height=\"150\" src=\"https:\/\/www.kyffhaeuser-kameradschaft-ritterhude.de\/wordpress\/wp-content\/uploads\/2018\/09\/Ortsbegehung_2018_08-150x150.jpg\" class=\"attachment-thumbnail size-thumbnail\" alt=\"\" aria-describedby=\"gallery-1-706\" \/><\/a>\n\t\t\t<\/dt>\n\t\t\t\t<dd class='wp-caption-text gallery-caption' id='gallery-1-706'>\n\t\t\t\tHinderburgdeich\n\t\t\t\t<\/dd><\/dl><dl class='gallery-item'>\n\t\t\t<dt class='gallery-icon portrait'>\n\t\t\t\t<a href='https:\/\/www.kyffhaeuser-kameradschaft-ritterhude.de\/?attachment_id=707'><img loading=\"lazy\" decoding=\"async\" width=\"150\" height=\"150\" src=\"https:\/\/www.kyffhaeuser-kameradschaft-ritterhude.de\/wordpress\/wp-content\/uploads\/2018\/09\/Ortsbegehung_2018_09-150x150.jpg\" class=\"attachment-thumbnail size-thumbnail\" alt=\"\" aria-describedby=\"gallery-1-707\" \/><\/a>\n\t\t\t<\/dt>\n\t\t\t\t<dd class='wp-caption-text gallery-caption' id='gallery-1-707'>\n\t\t\t\tVor der Lindenapotheke, einer Stiftung der Gebr\u00fcder Ries\n\t\t\t\t<\/dd><\/dl><br style=\"clear: both\" \/><dl class='gallery-item'>\n\t\t\t<dt class='gallery-icon portrait'>\n\t\t\t\t<a href='https:\/\/www.kyffhaeuser-kameradschaft-ritterhude.de\/?attachment_id=710'><img loading=\"lazy\" decoding=\"async\" width=\"150\" height=\"150\" src=\"https:\/\/www.kyffhaeuser-kameradschaft-ritterhude.de\/wordpress\/wp-content\/uploads\/2018\/09\/Ortsbegehung_2018_12-150x150.jpg\" class=\"attachment-thumbnail size-thumbnail\" alt=\"\" aria-describedby=\"gallery-1-710\" \/><\/a>\n\t\t\t<\/dt>\n\t\t\t\t<dd class='wp-caption-text gallery-caption' id='gallery-1-710'>\n\t\t\t\tMarie Bergmann Platz\n\t\t\t\t<\/dd><\/dl><dl class='gallery-item'>\n\t\t\t<dt class='gallery-icon portrait'>\n\t\t\t\t<a href='https:\/\/www.kyffhaeuser-kameradschaft-ritterhude.de\/?attachment_id=708'><img loading=\"lazy\" decoding=\"async\" width=\"150\" height=\"150\" src=\"https:\/\/www.kyffhaeuser-kameradschaft-ritterhude.de\/wordpress\/wp-content\/uploads\/2018\/09\/Ortsbegehung_2018_10-150x150.jpg\" class=\"attachment-thumbnail size-thumbnail\" alt=\"\" aria-describedby=\"gallery-1-708\" \/><\/a>\n\t\t\t<\/dt>\n\t\t\t\t<dd class='wp-caption-text gallery-caption' id='gallery-1-708'>\n\t\t\t\t\u00dcbersicht \u00fcber die Stiftungen der Gerbr\u00fcder Ries\n\t\t\t\t<\/dd><\/dl><dl class='gallery-item'>\n\t\t\t<dt class='gallery-icon portrait'>\n\t\t\t\t<a href='https:\/\/www.kyffhaeuser-kameradschaft-ritterhude.de\/?attachment_id=709'><img loading=\"lazy\" decoding=\"async\" width=\"150\" height=\"150\" src=\"https:\/\/www.kyffhaeuser-kameradschaft-ritterhude.de\/wordpress\/wp-content\/uploads\/2018\/09\/Ortsbegehung_2018_11-150x150.jpg\" class=\"attachment-thumbnail size-thumbnail\" alt=\"\" aria-describedby=\"gallery-1-709\" \/><\/a>\n\t\t\t<\/dt>\n\t\t\t\t<dd class='wp-caption-text gallery-caption' id='gallery-1-709'>\n\t\t\t\tGruppenbild am Marie Bergmann Platz\n\t\t\t\t<\/dd><\/dl><br style=\"clear: both\" \/><dl class='gallery-item'>\n\t\t\t<dt class='gallery-icon portrait'>\n\t\t\t\t<a href='https:\/\/www.kyffhaeuser-kameradschaft-ritterhude.de\/?attachment_id=711'><img loading=\"lazy\" decoding=\"async\" width=\"150\" height=\"150\" src=\"https:\/\/www.kyffhaeuser-kameradschaft-ritterhude.de\/wordpress\/wp-content\/uploads\/2018\/09\/Ortsbegehung_2018_13-150x150.jpg\" class=\"attachment-thumbnail size-thumbnail\" alt=\"\" aria-describedby=\"gallery-1-711\" \/><\/a>\n\t\t\t<\/dt>\n\t\t\t\t<dd class='wp-caption-text gallery-caption' id='gallery-1-711'>\n\t\t\t\tAbschluss bei Kaffee und Kuchen in der Ritterhuder M\u00fchle\n\t\t\t\t<\/dd><\/dl><dl class='gallery-item'>\n\t\t\t<dt class='gallery-icon portrait'>\n\t\t\t\t<a href='https:\/\/www.kyffhaeuser-kameradschaft-ritterhude.de\/?attachment_id=713'><img loading=\"lazy\" decoding=\"async\" width=\"150\" height=\"150\" src=\"https:\/\/www.kyffhaeuser-kameradschaft-ritterhude.de\/wordpress\/wp-content\/uploads\/2018\/09\/Ortsbegehung_2018_15-150x150.jpg\" class=\"attachment-thumbnail size-thumbnail\" alt=\"\" aria-describedby=\"gallery-1-713\" \/><\/a>\n\t\t\t<\/dt>\n\t\t\t\t<dd class='wp-caption-text gallery-caption' id='gallery-1-713'>\n\t\t\t\tDie Aussicht genie\u00dfen\n\t\t\t\t<\/dd><\/dl><dl class='gallery-item'>\n\t\t\t<dt class='gallery-icon portrait'>\n\t\t\t\t<a href='https:\/\/www.kyffhaeuser-kameradschaft-ritterhude.de\/?attachment_id=712'><img loading=\"lazy\" decoding=\"async\" width=\"150\" height=\"150\" src=\"https:\/\/www.kyffhaeuser-kameradschaft-ritterhude.de\/wordpress\/wp-content\/uploads\/2018\/09\/Ortsbegehung_2018_14-150x150.jpg\" class=\"attachment-thumbnail size-thumbnail\" alt=\"\" aria-describedby=\"gallery-1-712\" \/><\/a>\n\t\t\t<\/dt>\n\t\t\t\t<dd class='wp-caption-text gallery-caption' id='gallery-1-712'>\n\t\t\t\tBlick von der Ritterhuder M\u00fchle \u00fcber den Ort\n\t\t\t\t<\/dd><\/dl><br style=\"clear: both\" \/>\n\t\t<\/div>\n\n","protected":false},"excerpt":{"rendered":"","protected":false},"author":1,"featured_media":0,"parent":567,"menu_order":0,"comment_status":"closed","ping_status":"closed","template":"","meta":{"ngg_post_thumbnail":0,"footnotes":""},"class_list":["post-714","page","type-page","status-publish","hentry"],"_links":{"self":[{"href":"https:\/\/www.kyffhaeuser-kameradschaft-ritterhude.de\/index.php?rest_route=\/wp\/v2\/pages\/714","targetHints":{"allow":["GET"]}}],"collection":[{"href":"https:\/\/www.kyffhaeuser-kameradschaft-ritterhude.de\/index.php?rest_route=\/wp\/v2\/pages"}],"about":[{"href":"https:\/\/www.kyffhaeuser-kameradschaft-ritterhude.de\/index.php?rest_route=\/wp\/v2\/types\/page"}],"author":[{"embeddable":true,"href":"https:\/\/www.kyffhaeuser-kameradschaft-ritterhude.de\/index.php?rest_route=\/wp\/v2\/users\/1"}],"replies":[{"embeddable":true,"href":"https:\/\/www.kyffhaeuser-kameradschaft-ritterhude.de\/index.php?rest_route=%2Fwp%2Fv2%2Fcomments&post=714"}],"version-history":[{"count":1,"href":"https:\/\/www.kyffhaeuser-kameradschaft-ritterhude.de\/index.php?rest_route=\/wp\/v2\/pages\/714\/revisions"}],"predecessor-version":[{"id":715,"href":"https:\/\/www.kyffhaeuser-kameradschaft-ritterhude.de\/index.php?rest_route=\/wp\/v2\/pages\/714\/revisions\/715"}],"up":[{"embeddable":true,"href":"https:\/\/www.kyffhaeuser-kameradschaft-ritterhude.de\/index.php?rest_route=\/wp\/v2\/pages\/567"}],"wp:attachment":[{"href":"https:\/\/www.kyffhaeuser-kameradschaft-ritterhude.de\/index.php?rest_route=%2Fwp%2Fv2%2Fmedia&parent=714"}],"curies":[{"name":"wp","href":"https:\/\/api.w.org\/{rel}","templated":true}]}}