{"id":600,"date":"2018-03-07T16:41:42","date_gmt":"2018-03-07T15:41:42","guid":{"rendered":"https:\/\/www.kyffhaeuser-kameradschaft-ritterhude.de\/?page_id=600"},"modified":"2018-03-07T16:41:42","modified_gmt":"2018-03-07T15:41:42","slug":"schiessgruppe","status":"publish","type":"page","link":"https:\/\/www.kyffhaeuser-kameradschaft-ritterhude.de\/?page_id=600","title":{"rendered":"Schie\u00dfgruppe"},"content":{"rendered":"<p>Die Schie\u00dfgruppe der KK Ritterhude besteht aus 19 Personen.<\/p>\n<ol>\n<li>Schie\u00dfwart ist Gerhard Jantzen<\/li>\n<li>Schie\u00dfwartin ist Andrea Anderle<\/li>\n<\/ol>\n","protected":false},"excerpt":{"rendered":"<p>Die Schie\u00dfgruppe der KK Ritterhude besteht aus 19 Personen. Schie\u00dfwart ist Gerhard Jantzen Schie\u00dfwartin ist Andrea Anderle<\/p>\n","protected":false},"author":1,"featured_media":0,"parent":0,"menu_order":0,"comment_status":"closed","ping_status":"closed","template":"","meta":{"ngg_post_thumbnail":0,"footnotes":""},"class_list":["post-600","page","type-page","status-publish","hentry"],"_links":{"self":[{"href":"https:\/\/www.kyffhaeuser-kameradschaft-ritterhude.de\/index.php?rest_route=\/wp\/v2\/pages\/600","targetHints":{"allow":["GET"]}}],"collection":[{"href":"https:\/\/www.kyffhaeuser-kameradschaft-ritterhude.de\/index.php?rest_route=\/wp\/v2\/pages"}],"about":[{"href":"https:\/\/www.kyffhaeuser-kameradschaft-ritterhude.de\/index.php?rest_route=\/wp\/v2\/types\/page"}],"author":[{"embeddable":true,"href":"https:\/\/www.kyffhaeuser-kameradschaft-ritterhude.de\/index.php?rest_route=\/wp\/v2\/users\/1"}],"replies":[{"embeddable":true,"href":"https:\/\/www.kyffhaeuser-kameradschaft-ritterhude.de\/index.php?rest_route=%2Fwp%2Fv2%2Fcomments&post=600"}],"version-history":[{"count":1,"href":"https:\/\/www.kyffhaeuser-kameradschaft-ritterhude.de\/index.php?rest_route=\/wp\/v2\/pages\/600\/revisions"}],"predecessor-version":[{"id":601,"href":"https:\/\/www.kyffhaeuser-kameradschaft-ritterhude.de\/index.php?rest_route=\/wp\/v2\/pages\/600\/revisions\/601"}],"wp:attachment":[{"href":"https:\/\/www.kyffhaeuser-kameradschaft-ritterhude.de\/index.php?rest_route=%2Fwp%2Fv2%2Fmedia&parent=600"}],"curies":[{"name":"wp","href":"https:\/\/api.w.org\/{rel}","templated":true}]}}