{"id":6,"date":"2017-12-21T16:16:39","date_gmt":"2017-12-21T15:16:39","guid":{"rendered":"https:\/\/192.168.178.60\/wordpress\/?page_id=6"},"modified":"2022-06-03T10:40:17","modified_gmt":"2022-06-03T08:40:17","slug":"startseite","status":"publish","type":"page","link":"https:\/\/www.kyffhaeuser-kameradschaft-ritterhude.de\/?page_id=6","title":{"rendered":"\u00dcber uns"},"content":{"rendered":"<h1 class=\"para-4\"><span class=\"font-4\">Herzlich Willkommen auf der Webseite der Kyffh\u00e4user Kameradschaft Ritterhude!<\/span><\/h1>\r\n<p class=\"para-4\"><span class=\"font-4\">Die Kameradschaft Ritterhude wurde 1895 gegr\u00fcndet und hat derzeit 49<\/span>&nbsp;<span class=\"font-4\">Mitglieder. Sie ist Mitglied im Kyffh\u00e4userbund.<\/span><\/p>\r\n<p class=\"para-4\"><span class=\"font-4\">Der Kyffh\u00e4userbund ist ein demokratischer Volksbund mit \u00fcber 200j\u00e4hriger Tradition. Er betreibt aktive Reservistenarbeit, f\u00f6rdert den Sport und insbesondere das Sportschie\u00dfen. Auf Bundesebene ist der Kyffh\u00e4userbund als schie\u00dfsporttreibender Verband anerkannt.<\/span><\/p>\r\n<p class=\"para-4\">Weitere Anliegen sind auch die V\u00f6lkerverst\u00e4ndigung und Auss\u00f6hnung ehemaliger Kriegsgegner. &#8222;Die Kyffh\u00e4user&#8220; setzen sich f\u00fcr die Kulturpflege, den Erhalt von Denkm\u00e4lern und die F\u00f6rderung des Heimatgedankens ein.<\/p>\r\n\r\n<div class=\"wp-block-file aligncenter\"><a href=\"https:\/\/www.kyffhaeuser-kameradschaft-ritterhude.de\/wp-content\/uploads\/2019\/08\/Satzung-KK-Ritterhude.pdf\">Satzung Kyffh\u00e4user Kameradschaft Ritterhude<\/a><\/div>\r\n","protected":false},"excerpt":{"rendered":"<p>Herzlich Willkommen auf der Webseite der Kyffh\u00e4user Kameradschaft Ritterhude! Die Kameradschaft Ritterhude wurde 1895 gegr\u00fcndet und hat derzeit 49&nbsp;Mitglieder. Sie ist Mitglied im Kyffh\u00e4userbund. Der Kyffh\u00e4userbund ist ein demokratischer Volksbund mit \u00fcber 200j\u00e4hriger Tradition. Er betreibt aktive Reservistenarbeit, f\u00f6rdert den Sport und insbesondere das Sportschie\u00dfen. Auf Bundesebene ist der Kyffh\u00e4userbund als schie\u00dfsporttreibender Verband anerkannt. Weitere [&hellip;]<\/p>\n","protected":false},"author":1,"featured_media":0,"parent":0,"menu_order":0,"comment_status":"closed","ping_status":"closed","template":"","meta":{"ngg_post_thumbnail":0,"footnotes":""},"class_list":["post-6","page","type-page","status-publish","hentry"],"_links":{"self":[{"href":"https:\/\/www.kyffhaeuser-kameradschaft-ritterhude.de\/index.php?rest_route=\/wp\/v2\/pages\/6","targetHints":{"allow":["GET"]}}],"collection":[{"href":"https:\/\/www.kyffhaeuser-kameradschaft-ritterhude.de\/index.php?rest_route=\/wp\/v2\/pages"}],"about":[{"href":"https:\/\/www.kyffhaeuser-kameradschaft-ritterhude.de\/index.php?rest_route=\/wp\/v2\/types\/page"}],"author":[{"embeddable":true,"href":"https:\/\/www.kyffhaeuser-kameradschaft-ritterhude.de\/index.php?rest_route=\/wp\/v2\/users\/1"}],"replies":[{"embeddable":true,"href":"https:\/\/www.kyffhaeuser-kameradschaft-ritterhude.de\/index.php?rest_route=%2Fwp%2Fv2%2Fcomments&post=6"}],"version-history":[{"count":9,"href":"https:\/\/www.kyffhaeuser-kameradschaft-ritterhude.de\/index.php?rest_route=\/wp\/v2\/pages\/6\/revisions"}],"predecessor-version":[{"id":1378,"href":"https:\/\/www.kyffhaeuser-kameradschaft-ritterhude.de\/index.php?rest_route=\/wp\/v2\/pages\/6\/revisions\/1378"}],"wp:attachment":[{"href":"https:\/\/www.kyffhaeuser-kameradschaft-ritterhude.de\/index.php?rest_route=%2Fwp%2Fv2%2Fmedia&parent=6"}],"curies":[{"name":"wp","href":"https:\/\/api.w.org\/{rel}","templated":true}]}}