{"id":598,"date":"2018-03-07T16:44:13","date_gmt":"2018-03-07T15:44:13","guid":{"rendered":"https:\/\/www.kyffhaeuser-kameradschaft-ritterhude.de\/?page_id=598"},"modified":"2019-10-02T13:46:23","modified_gmt":"2019-10-02T11:46:23","slug":"kyffhaeuser-koenige","status":"publish","type":"page","link":"https:\/\/www.kyffhaeuser-kameradschaft-ritterhude.de\/?page_id=598","title":{"rendered":"Kyffh\u00e4user K\u00f6nige"},"content":{"rendered":"<style type=\"text\/css\">\n.tg  {border-collapse:collapse;border-spacing:0;border-color:#999;}<br \/>.tg td{font-family:Arial, sans-serif;font-size:14px;padding:10px 5px;border-style:solid;border-width:1px;overflow:hidden;word-break:normal;border-color:#999;color:#444;background-color:#F7FDFA;}<br \/>.tg th{font-family:Arial, sans-serif;font-size:14px;font-weight:normal;padding:10px 5px;border-style:solid;border-width:1px;overflow:hidden;word-break:normal;border-color:#999;color:#fff;background-color:#26ADE4;}<br \/>.tg .tg-s6z2{text-align:center}<br \/>.tg .tg-baqh{text-align:center;vertical-align:top}<br \/>.tg .tg-j0tj{background-color:#D2E4FC;text-align:center;vertical-align:top}<br \/><\/style>\n<table class=\"tg\" style=\"table-layout: fixed; width: 687px; height: 539px;\">\n<colgroup>\n<col style=\"width: 149px;\">\n<col style=\"width: 239px;\">\n<col style=\"width: 299px;\"> <\/colgroup>\n<tbody>\n<tr>\n<th class=\"tg-s6z2\">Jahr<\/th>\n<th class=\"tg-baqh\">K\u00f6nig\/K\u00f6nigin<\/th>\n<th class=\"tg-baqh\">Vizek\u00f6nig\/Vizek\u00f6nigin<\/th>\n<\/tr>\n<tr>\n<td class=\"tg-j0tj\">2005<\/td>\n<td class=\"tg-j0tj\">Heiner Thomas<\/td>\n<td class=\"tg-j0tj\">Hans-Georg Geils<\/td>\n<\/tr>\n<tr>\n<td class=\"tg-baqh\">2006<\/td>\n<td class=\"tg-baqh\">Berend Albrecht<\/td>\n<td class=\"tg-baqh\">Artur Dierks<\/td>\n<\/tr>\n<tr>\n<td class=\"tg-j0tj\">2007<\/td>\n<td class=\"tg-j0tj\">Ines Leitzke<\/td>\n<td class=\"tg-j0tj\">Manfred B\u00e4rje<\/td>\n<\/tr>\n<tr>\n<td class=\"tg-baqh\">2008<\/td>\n<td class=\"tg-baqh\">Ralf Sudmann<\/td>\n<td class=\"tg-baqh\">Bernd M\u00fcller<\/td>\n<\/tr>\n<tr>\n<td class=\"tg-j0tj\">2009<\/td>\n<td class=\"tg-j0tj\">Kay Leitzke<\/td>\n<td class=\"tg-j0tj\">Hans-Georg Geils<\/td>\n<\/tr>\n<tr>\n<td class=\"tg-baqh\">2010<\/td>\n<td class=\"tg-baqh\">Ines Leitzke<\/td>\n<td class=\"tg-baqh\">Kay Leitzke<\/td>\n<\/tr>\n<tr>\n<td class=\"tg-j0tj\">2011<\/td>\n<td class=\"tg-j0tj\">Ingo Anderle<\/td>\n<td class=\"tg-j0tj\">Heiner Thomas<\/td>\n<\/tr>\n<tr>\n<td class=\"tg-baqh\">2012<\/td>\n<td class=\"tg-baqh\">Michael Albrecht<\/td>\n<td class=\"tg-baqh\">Johann Hohorst<\/td>\n<\/tr>\n<tr>\n<td class=\"tg-j0tj\">2013<\/td>\n<td class=\"tg-j0tj\">Hans-Georg Geils<\/td>\n<td class=\"tg-j0tj\">Bernd M\u00fcller<\/td>\n<\/tr>\n<tr>\n<td class=\"tg-baqh\">2014<\/td>\n<td class=\"tg-baqh\">Johann Hohorst<\/td>\n<td class=\"tg-baqh\">Udo Sassenhagen<\/td>\n<\/tr>\n<tr>\n<td class=\"tg-j0tj\">2015<\/td>\n<td class=\"tg-j0tj\">Gerhardt Jantzen<\/td>\n<td class=\"tg-j0tj\">Edeltraud Thomas<\/td>\n<\/tr>\n<tr>\n<td class=\"tg-baqh\">2016<\/td>\n<td class=\"tg-baqh\">Bernd M\u00fcller<\/td>\n<td class=\"tg-baqh\">Thorsten Ewald<\/td>\n<\/tr>\n<tr>\n<td class=\"tg-j0tj\">2017<\/td>\n<td class=\"tg-j0tj\">N.N.<\/td>\n<td class=\"tg-j0tj\">N.N.<\/td>\n<\/tr>\n<tr>\n<td class=\"tg-j0tj\">2018<\/td>\n<td class=\"tg-j0tj\">Thorsten Ewald<\/td>\n<td class=\"tg-j0tj\">Thorsten Blendermann<\/td>\n<\/tr>\n<tr>\n<td class=\"tg-baqh\">2019<\/td>\n<td class=\"tg-baqh\">Heiner Thomas<\/td>\n<td class=\"tg-baqh\">Ingrid Albrecht<\/td>\n<\/tr>\n<\/tbody>\n<\/table>\n","protected":false},"excerpt":{"rendered":"<p>Jahr K\u00f6nig\/K\u00f6nigin Vizek\u00f6nig\/Vizek\u00f6nigin 2005 Heiner Thomas Hans-Georg Geils 2006 Berend Albrecht Artur Dierks 2007 Ines Leitzke Manfred B\u00e4rje 2008 Ralf Sudmann Bernd M\u00fcller 2009 Kay Leitzke Hans-Georg Geils 2010 Ines Leitzke Kay Leitzke 2011 Ingo Anderle Heiner Thomas 2012 Michael Albrecht Johann Hohorst 2013 Hans-Georg Geils Bernd M\u00fcller 2014 Johann Hohorst Udo Sassenhagen 2015 Gerhardt [&hellip;]<\/p>\n","protected":false},"author":1,"featured_media":726,"parent":600,"menu_order":0,"comment_status":"closed","ping_status":"closed","template":"","meta":{"ngg_post_thumbnail":0,"footnotes":""},"class_list":["post-598","page","type-page","status-publish","has-post-thumbnail","hentry"],"_links":{"self":[{"href":"https:\/\/www.kyffhaeuser-kameradschaft-ritterhude.de\/index.php?rest_route=\/wp\/v2\/pages\/598","targetHints":{"allow":["GET"]}}],"collection":[{"href":"https:\/\/www.kyffhaeuser-kameradschaft-ritterhude.de\/index.php?rest_route=\/wp\/v2\/pages"}],"about":[{"href":"https:\/\/www.kyffhaeuser-kameradschaft-ritterhude.de\/index.php?rest_route=\/wp\/v2\/types\/page"}],"author":[{"embeddable":true,"href":"https:\/\/www.kyffhaeuser-kameradschaft-ritterhude.de\/index.php?rest_route=\/wp\/v2\/users\/1"}],"replies":[{"embeddable":true,"href":"https:\/\/www.kyffhaeuser-kameradschaft-ritterhude.de\/index.php?rest_route=%2Fwp%2Fv2%2Fcomments&post=598"}],"version-history":[{"count":8,"href":"https:\/\/www.kyffhaeuser-kameradschaft-ritterhude.de\/index.php?rest_route=\/wp\/v2\/pages\/598\/revisions"}],"predecessor-version":[{"id":967,"href":"https:\/\/www.kyffhaeuser-kameradschaft-ritterhude.de\/index.php?rest_route=\/wp\/v2\/pages\/598\/revisions\/967"}],"up":[{"embeddable":true,"href":"https:\/\/www.kyffhaeuser-kameradschaft-ritterhude.de\/index.php?rest_route=\/wp\/v2\/pages\/600"}],"wp:featuredmedia":[{"embeddable":true,"href":"https:\/\/www.kyffhaeuser-kameradschaft-ritterhude.de\/index.php?rest_route=\/wp\/v2\/media\/726"}],"wp:attachment":[{"href":"https:\/\/www.kyffhaeuser-kameradschaft-ritterhude.de\/index.php?rest_route=%2Fwp%2Fv2%2Fmedia&parent=598"}],"curies":[{"name":"wp","href":"https:\/\/api.w.org\/{rel}","templated":true}]}}