{"id":30,"date":"2017-12-21T16:47:32","date_gmt":"2017-12-21T15:47:32","guid":{"rendered":"https:\/\/192.168.178.60\/wordpress\/?page_id=30"},"modified":"2022-05-09T15:15:55","modified_gmt":"2022-05-09T13:15:55","slug":"presse","status":"publish","type":"page","link":"https:\/\/www.kyffhaeuser-kameradschaft-ritterhude.de\/?page_id=30","title":{"rendered":"Presse"},"content":{"rendered":"<h3>Die Kyffh\u00e4user Kameradschaft Ritterhude in der Presse<\/h3>\n<ul>\n<li><a href=\"https:\/\/www.weser-kurier.de\/landkreis-osterholz\/gemeinde-ritterhude\/ritterhuder-starten-mehrere-spendenaktionen-fuer-fluechtlinge-doc7kuexa7819h3ox6f3v5\" target=\"_blank\" rel=\"noopener\">Ritterhuder starten mehrere Spendenaktionen f\u00fcr Fl\u00fcchtlinge<\/a> (Quelle: Osterholzer Kreisblatt 06.05.2022)<\/li>\n<li><a href=\"http:\/\/www.kyffhaeuser-kameradschaft-ritterhude.de\/wordpress\/wp-content\/uploads\/2017\/12\/Bericht-Kreisk\u00f6nige-OK-20171223.pdf\" target=\"_blank\" rel=\"noopener\">Jahresabschluss bei Kyffh\u00e4usern<\/a>&nbsp;(Quelle: Osterholzer Kreisblatt 23.12.2017)<\/li>\n<li><span class=\"font-21\"><a href=\"http:\/\/www.kyffhaeuser-kameradschaft-ritterhude.de\/wordpress\/wp-content\/uploads\/2017\/12\/Bericht-Reinigung-Platjenwerbe-OK-20171119.pdf\" target=\"_blank\" rel=\"noopener\">Bericht Reinigung Platjenwerbe<\/a>&nbsp;(Quelle:&nbsp;Osterholzer Kreisblatt 19.11.2017)<\/span><\/li>\n<li><a href=\"https:\/\/www.weser-kurier.de\/startseite_artikel,-Andrea-Anderle-ausgezeichnet-_arid,1346459.html\" target=\"_blank\" rel=\"noopener\">Andrea Anderle ausgezeichnet<\/a> (Quelle: Osterholzer Kreisblatt 03.04.2016)<\/li>\n<\/ul>\n<ul class=\"pos-98\">\n<li><span class=\"font-22\"><a href=\"http:\/\/www.weser-kurier.de\/region\/osterholzer-kreisblatt_artikel,-120-Jahre-Kyffhaeuser-Ritterhude-_arid,1116813.html\" target=\"_blank\" rel=\"noopener\">Bericht zum 120j\u00e4hrigen Bestehen der KK Ritterhude <\/a><\/span><span class=\"font-21\">(Quelle: Osterholzer Kreisblatt 06.05.2015)<\/span><\/li>\n<li><a href=\"https:\/\/www.weser-kurier.de\/startseite_artikel,-Thomas-ist-KyffhaeuserKreiskoenig-_arid,1005230.html\" target=\"_blank\" rel=\"noopener\">Thomas ist Kyffh\u00e4user-Kreisk\u00f6nig<\/a> (Quelle:&nbsp;Osterholzer Kreisblatt 07.12.2014)<\/li>\n<li><a href=\"https:\/\/www.weser-kurier.de\/region\/osterholzer-kreisblatt_artikel,-Wechsel-im-KyffhaeuserVerband-_arid,791682.html\" target=\"_blank\" rel=\"noopener\">Wechsel im Kyffh\u00e4user-Verband<\/a>&nbsp;(Quelle:&nbsp;Osterholzer Kreisblatt 02.03.2014)<\/li>\n<li><a href=\"https:\/\/www.weser-kurier.de\/region\/osterholzer-kreisblatt_artikel,-20-Jahre-KyffhaeuserRundenwettkaempfe-_arid,728846.html\" target=\"_blank\" rel=\"noopener\">20 Jahre Kyffh\u00e4user-Rundenwettk\u00e4mpfe<\/a>&nbsp;(Quelle:&nbsp;Osterholzer Kreisblatt 08.12.2013)<\/li>\n<li><a href=\"https:\/\/www.weser-kurier.de\/startseite_artikel,-Kyffhaeuserbund-zeigt-sich-in-Farbe-_arid,651826.html\" target=\"_blank\" rel=\"noopener\">Kyffh\u00e4userbund zeigt sich in Farbe<\/a>&nbsp;(Quelle:&nbsp;Osterholzer Kreisblatt 03.09.2013)<\/li>\n<li><a href=\"https:\/\/www.weser-kurier.de\/region\/osterholzer-kreisblatt_artikel,-Kyffhaeuser-setzen-Denkmale-instand-_arid,520682.html\" target=\"_blank\" rel=\"noopener\">Kyffh\u00e4user setzen Denkmale instand<\/a>&nbsp;(Quelle:&nbsp;Osterholzer Kreisblatt 12.03.2013)<\/li>\n<li><a href=\"https:\/\/www.weser-kurier.de\/region\/osterholzer-kreisblatt_artikel,-Ritterhuder-Kyffhaeuser-reinigen-Weltkriegsdenkmaeler-_arid,383896.html\" target=\"_blank\" rel=\"noopener\">Ritterhuder Kyffh\u00e4user reinigen Weltkriegsdenkm\u00e4ler<\/a>&nbsp;(Quelle:&nbsp;Osterholzer Kreisblatt 27.09.2012)<\/li>\n<li><a href=\"https:\/\/www.weser-kurier.de\/region\/osterholzer-kreisblatt_artikel,-Ritterhudes-Kyffhaeuser-wollen-weitere-Denkmaeler-renovieren-_arid,110507.html\" target=\"_blank\" rel=\"noopener\">Ritterhudes Kyffh\u00e4user wollen weitere Denkm\u00e4ler renovieren<\/a>&nbsp;(Quelle:&nbsp;Osterholzer Kreisblatt 15.03.2012)<\/li>\n<li><a href=\"https:\/\/www.weser-kurier.de\/region\/osterholzer-kreisblatt_artikel,-Ritterhuder-Team-sehr-treffsicher-_arid,415892.html\" target=\"_blank\" rel=\"noopener\">Ritterhuder Team sehr treffsicher<\/a>&nbsp;(Quelle:&nbsp;Osterholzer Kreisblatt 09.12.2011)<\/li>\n<li><a href=\"https:\/\/www.weser-kurier.de\/region\/osterholzer-kreisblatt_artikel,-Kyffhaeuser-erzielen-Erfolg-_arid,413814.html\" target=\"_blank\" rel=\"noopener\">Kyffh\u00e4user erzielen Erfolg<\/a> (Quelle:&nbsp;Osterholzer Kreisblatt 03.12.2011)<\/li>\n<li><a href=\"https:\/\/www.weser-kurier.de\/region\/osterholzer-kreisblatt_artikel,-Kyffhaeuser-waren-bei-Teilerschiessen-erfolgreich-_arid,413129.html\" target=\"_blank\" rel=\"noopener\">Kyffh\u00e4user waren bei Teilerschie\u00dfen erfolgreich<\/a> (Quelle:&nbsp;Osterholzer Kreisblatt 01.12.2011)<\/li>\n<li><a href=\"https:\/\/www.weser-kurier.de\/region\/osterholzer-kreisblatt_artikel,-Gedenkfeier-zum-Volkstrauertag-_arid,179946.html\" target=\"_blank\" rel=\"noopener\">Gedenkfeier zum Volkstrauertag<\/a>&nbsp;(Quelle:&nbsp;Osterholzer Kreisblatt 11.11.2011)<\/li>\n<li><a href=\"https:\/\/www.weser-kurier.de\/region\/osterholzer-kreisblatt_artikel,-Pflege-zum-Nulltarif-_arid,164935.html\" target=\"_blank\" rel=\"noopener\">Pflege zum Nulltarif<\/a>&nbsp;(Quelle:&nbsp;Osterholzer Kreisblatt 29.09.2011)<\/li>\n<li><a href=\"https:\/\/www.weser-kurier.de\/bremen_artikel,-Kyffhaeuser-holen-Wanderpokal-_arid,228992.html\" target=\"_blank\" rel=\"noopener\">Kyffh\u00e4user holen Wanderpokal<\/a>&nbsp;(Quelle:&nbsp;Osterholzer Kreisblatt 15.04.2011)<\/li>\n<li><a href=\"https:\/\/www.weser-kurier.de\/region\/osterholzer-kreisblatt_artikel,-82Jaehriger-schiesst-den-hoelzernen-Adler-ab-_arid,325877.html\" target=\"_blank\" rel=\"noopener\">82-J\u00e4hriger schie\u00dft den h\u00f6lzernen Adler ab<\/a>&nbsp;(Quelle:&nbsp;Osterholzer Kreisblatt 09.12.2010)<\/li>\n<li><a href=\"https:\/\/www.weser-kurier.de\/region\/osterholzer-kreisblatt_artikel,-Siegfried-Wolters-ist-Kreiskoenig-_arid,324541.html\" target=\"_blank\" rel=\"noopener\">Siegfried Wolters ist Kreisk\u00f6nig<\/a>&nbsp;(Quelle:&nbsp;Osterholzer Kreisblatt 06.12.2010)<\/li>\n<li><a href=\"https:\/\/www.weser-kurier.de\/region\/osterholzer-kreisblatt_artikel,-Vor-30-Jahren-erste-Frauen-bei-Kyffhaeusern-_arid,305514.html\" target=\"_blank\" rel=\"noopener\">Vor 30 Jahren erste Frauen bei Kyffh\u00e4usern<\/a>&nbsp;(Quelle:&nbsp;Osterholzer Kreisblatt 25.10.2010)<\/li>\n<li><a href=\"https:\/\/www.weser-kurier.de\/region\/osterholzer-kreisblatt_artikel,-Deutsche-Post-holt-FirmenPokal-_arid,299428.html\" target=\"_blank\" rel=\"noopener\">Deutsche Post holt Firmen-Pokal<\/a>&nbsp;(Quelle:&nbsp;Osterholzer Kreisblatt 07.10.2010)<\/li>\n<li><a href=\"https:\/\/www.weser-kurier.de\/region\/osterholzer-kreisblatt_artikel,-Ines-Leitzke-ist-die-neue-Koenigin-_arid,298148.html\" target=\"_blank\" rel=\"noopener\">Ines Leitzke ist die neue K\u00f6nigin<\/a>&nbsp;(Quelle:&nbsp;Osterholzer Kreisblatt 03.10.2010)<\/li>\n<li><a href=\"https:\/\/www.kyffhaeuser-kameradschaft-ritterhude.de\/wordpress\/wp-content\/uploads\/2018\/01\/Gr\u00fcndung-KKR-19530129.pdf\">Wiedergr\u00fcndung der Kameradschaft Ritterhude 1953<\/a>&nbsp;(Quelle: Weser-Kurier 29.01.1953)<\/li>\n<\/ul>\n","protected":false},"excerpt":{"rendered":"<p>Die Kyffh\u00e4user Kameradschaft Ritterhude in der Presse Ritterhuder starten mehrere Spendenaktionen f\u00fcr Fl\u00fcchtlinge (Quelle: Osterholzer Kreisblatt 06.05.2022) Jahresabschluss bei Kyffh\u00e4usern&nbsp;(Quelle: Osterholzer Kreisblatt 23.12.2017) Bericht Reinigung Platjenwerbe&nbsp;(Quelle:&nbsp;Osterholzer Kreisblatt 19.11.2017) Andrea Anderle ausgezeichnet (Quelle: Osterholzer Kreisblatt 03.04.2016) Bericht zum 120j\u00e4hrigen Bestehen der KK Ritterhude (Quelle: Osterholzer Kreisblatt 06.05.2015) Thomas ist Kyffh\u00e4user-Kreisk\u00f6nig (Quelle:&nbsp;Osterholzer Kreisblatt 07.12.2014) Wechsel im Kyffh\u00e4user-Verband&nbsp;(Quelle:&nbsp;Osterholzer [&hellip;]<\/p>\n","protected":false},"author":1,"featured_media":208,"parent":0,"menu_order":0,"comment_status":"open","ping_status":"closed","template":"","meta":{"ngg_post_thumbnail":0,"footnotes":""},"class_list":["post-30","page","type-page","status-publish","has-post-thumbnail","hentry"],"_links":{"self":[{"href":"https:\/\/www.kyffhaeuser-kameradschaft-ritterhude.de\/index.php?rest_route=\/wp\/v2\/pages\/30","targetHints":{"allow":["GET"]}}],"collection":[{"href":"https:\/\/www.kyffhaeuser-kameradschaft-ritterhude.de\/index.php?rest_route=\/wp\/v2\/pages"}],"about":[{"href":"https:\/\/www.kyffhaeuser-kameradschaft-ritterhude.de\/index.php?rest_route=\/wp\/v2\/types\/page"}],"author":[{"embeddable":true,"href":"https:\/\/www.kyffhaeuser-kameradschaft-ritterhude.de\/index.php?rest_route=\/wp\/v2\/users\/1"}],"replies":[{"embeddable":true,"href":"https:\/\/www.kyffhaeuser-kameradschaft-ritterhude.de\/index.php?rest_route=%2Fwp%2Fv2%2Fcomments&post=30"}],"version-history":[{"count":27,"href":"https:\/\/www.kyffhaeuser-kameradschaft-ritterhude.de\/index.php?rest_route=\/wp\/v2\/pages\/30\/revisions"}],"predecessor-version":[{"id":1373,"href":"https:\/\/www.kyffhaeuser-kameradschaft-ritterhude.de\/index.php?rest_route=\/wp\/v2\/pages\/30\/revisions\/1373"}],"wp:featuredmedia":[{"embeddable":true,"href":"https:\/\/www.kyffhaeuser-kameradschaft-ritterhude.de\/index.php?rest_route=\/wp\/v2\/media\/208"}],"wp:attachment":[{"href":"https:\/\/www.kyffhaeuser-kameradschaft-ritterhude.de\/index.php?rest_route=%2Fwp%2Fv2%2Fmedia&parent=30"}],"curies":[{"name":"wp","href":"https:\/\/api.w.org\/{rel}","templated":true}]}}