{"id":27,"date":"2017-12-21T16:45:33","date_gmt":"2017-12-21T15:45:33","guid":{"rendered":"https:\/\/192.168.178.60\/wordpress\/?page_id=27"},"modified":"2021-12-20T09:05:52","modified_gmt":"2021-12-20T08:05:52","slug":"links","status":"publish","type":"page","link":"https:\/\/www.kyffhaeuser-kameradschaft-ritterhude.de\/?page_id=27","title":{"rendered":"Links"},"content":{"rendered":"<h3>Webseiten<\/h3>\r\n<p><span class=\"font-21\">&nbsp;<\/span><span class=\"font-22\"><a href=\"https:\/\/www.ritterhude.de\/\" target=\"_blank\" rel=\"noopener noreferrer\">Ritterhude<\/a><\/span><\/p>\r\n<p><span class=\"font-21\">&nbsp;<\/span><span class=\"font-22\"><a href=\"https:\/\/www.kyffhaeuserbundev.de\/\" target=\"_blank\" rel=\"noopener noreferrer\">Kyffh\u00e4userbund e.V.<\/a><\/span><\/p>\r\n<p><span class=\"font-21\">&nbsp;<\/span><span class=\"font-22\"><a href=\"http:\/\/kyffhaeuser-lv-bwe.de\" target=\"_blank\" rel=\"noopener noreferrer\">Kyffh\u00e4userbund e.V.(Landesverband Bremen-Weser-Ems)<\/a><\/span><\/p>\r\n<p><a href=\"https:\/\/www.reservistenverband.de\/bremen\/hambergen\/\" target=\"_blank\" rel=\"noopener noreferrer\">Reservistenkameradschaft Hambergen<\/a><\/p>\r\n<p><span class=\"font-21\">&nbsp;<\/span><span class=\"font-22\"><a href=\"https:\/\/www.ritterhuder-schuetzenverein.de\/\" target=\"_blank\" rel=\"noopener noreferrer\">Ritterhuder Sch\u00fctzenverein<\/a><\/span><\/p>\r\n<h3>&nbsp;<\/h3>\r\n<h3>Sonstiges<\/h3>\r\n<p><a href=\"https:\/\/www.kyffhaeuserbundev.de\/app\/download\/10496911321\/KB+Satzung.pdf?t=1470766770\" target=\"_blank\" rel=\"noopener noreferrer\">Satzung des Kyffh\u00e4userbundes e.V.<\/a><\/p>\r\n\r\n<div><a href=\"https:\/\/www.kyffhaeuser-kameradschaft-ritterhude.de\/wp-content\/uploads\/2021\/06\/Satzung-KK-Ritterhude.pdf\">Satzung Kyffh\u00e4user Kameradschaft Ritterhude<\/a><\/div>\r\n","protected":false},"excerpt":{"rendered":"<p>Webseiten &nbsp;Ritterhude &nbsp;Kyffh\u00e4userbund e.V. &nbsp;Kyffh\u00e4userbund e.V.(Landesverband Bremen-Weser-Ems) Reservistenkameradschaft Hambergen &nbsp;Ritterhuder Sch\u00fctzenverein &nbsp; Sonstiges Satzung des Kyffh\u00e4userbundes e.V.<\/p>\n","protected":false},"author":1,"featured_media":0,"parent":0,"menu_order":0,"comment_status":"closed","ping_status":"closed","template":"","meta":{"ngg_post_thumbnail":0,"footnotes":""},"class_list":["post-27","page","type-page","status-publish","hentry"],"_links":{"self":[{"href":"https:\/\/www.kyffhaeuser-kameradschaft-ritterhude.de\/index.php?rest_route=\/wp\/v2\/pages\/27","targetHints":{"allow":["GET"]}}],"collection":[{"href":"https:\/\/www.kyffhaeuser-kameradschaft-ritterhude.de\/index.php?rest_route=\/wp\/v2\/pages"}],"about":[{"href":"https:\/\/www.kyffhaeuser-kameradschaft-ritterhude.de\/index.php?rest_route=\/wp\/v2\/types\/page"}],"author":[{"embeddable":true,"href":"https:\/\/www.kyffhaeuser-kameradschaft-ritterhude.de\/index.php?rest_route=\/wp\/v2\/users\/1"}],"replies":[{"embeddable":true,"href":"https:\/\/www.kyffhaeuser-kameradschaft-ritterhude.de\/index.php?rest_route=%2Fwp%2Fv2%2Fcomments&post=27"}],"version-history":[{"count":8,"href":"https:\/\/www.kyffhaeuser-kameradschaft-ritterhude.de\/index.php?rest_route=\/wp\/v2\/pages\/27\/revisions"}],"predecessor-version":[{"id":1354,"href":"https:\/\/www.kyffhaeuser-kameradschaft-ritterhude.de\/index.php?rest_route=\/wp\/v2\/pages\/27\/revisions\/1354"}],"wp:attachment":[{"href":"https:\/\/www.kyffhaeuser-kameradschaft-ritterhude.de\/index.php?rest_route=%2Fwp%2Fv2%2Fmedia&parent=27"}],"curies":[{"name":"wp","href":"https:\/\/api.w.org\/{rel}","templated":true}]}}