{"id":213,"date":"2017-12-29T16:34:46","date_gmt":"2017-12-29T15:34:46","guid":{"rendered":"https:\/\/www.kyffhaeuser-kameradschaft-ritterhude.de\/?page_id=213"},"modified":"2017-12-29T16:34:46","modified_gmt":"2017-12-29T15:34:46","slug":"reinigung-alter-friedhof-ritterhude-2016","status":"publish","type":"page","link":"https:\/\/www.kyffhaeuser-kameradschaft-ritterhude.de\/?page_id=213","title":{"rendered":"Reinigung &#8222;Alter Friedhof Ritterhude&#8220; 2016"},"content":{"rendered":"<p>Kriegsgr\u00e4berst\u00e4tte &#8222;Alter Friedhof&#8220;. Reinigen und Buschr\u00fcckschnitt 2016 durch die Kyffh\u00e4userkameradschaft<\/p>\n\n\t\t<style type=\"text\/css\">\n\t\t\t#gallery-1 {\n\t\t\t\tmargin: auto;\n\t\t\t}\n\t\t\t#gallery-1 .gallery-item {\n\t\t\t\tfloat: left;\n\t\t\t\tmargin-top: 10px;\n\t\t\t\ttext-align: center;\n\t\t\t\twidth: 33%;\n\t\t\t}\n\t\t\t#gallery-1 img {\n\t\t\t\tborder: 2px solid #cfcfcf;\n\t\t\t}\n\t\t\t#gallery-1 .gallery-caption {\n\t\t\t\tmargin-left: 0;\n\t\t\t}\n\t\t\t\/* see gallery_shortcode() in wp-includes\/media.php *\/\n\t\t<\/style>\n\t\t<div id='gallery-1' class='gallery galleryid-213 gallery-columns-3 gallery-size-thumbnail'><dl class='gallery-item'>\n\t\t\t<dt class='gallery-icon landscape'>\n\t\t\t\t<a href='https:\/\/www.kyffhaeuser-kameradschaft-ritterhude.de\/?attachment_id=214'><img loading=\"lazy\" decoding=\"async\" width=\"150\" height=\"150\" src=\"https:\/\/www.kyffhaeuser-kameradschaft-ritterhude.de\/wordpress\/wp-content\/uploads\/2017\/12\/Alter_Friedhof_01-imp-150x150.jpg\" class=\"attachment-thumbnail size-thumbnail\" alt=\"\" \/><\/a>\n\t\t\t<\/dt><\/dl><dl class='gallery-item'>\n\t\t\t<dt class='gallery-icon landscape'>\n\t\t\t\t<a href='https:\/\/www.kyffhaeuser-kameradschaft-ritterhude.de\/?attachment_id=215'><img loading=\"lazy\" decoding=\"async\" width=\"150\" height=\"150\" src=\"https:\/\/www.kyffhaeuser-kameradschaft-ritterhude.de\/wordpress\/wp-content\/uploads\/2017\/12\/Alter_Friedhof_02-imp-150x150.jpg\" class=\"attachment-thumbnail size-thumbnail\" alt=\"\" \/><\/a>\n\t\t\t<\/dt><\/dl><dl class='gallery-item'>\n\t\t\t<dt class='gallery-icon landscape'>\n\t\t\t\t<a href='https:\/\/www.kyffhaeuser-kameradschaft-ritterhude.de\/?attachment_id=216'><img loading=\"lazy\" decoding=\"async\" width=\"150\" height=\"150\" src=\"https:\/\/www.kyffhaeuser-kameradschaft-ritterhude.de\/wordpress\/wp-content\/uploads\/2017\/12\/Alter_Friedhof_03-imp-150x150.jpg\" class=\"attachment-thumbnail size-thumbnail\" alt=\"\" \/><\/a>\n\t\t\t<\/dt><\/dl><br style=\"clear: both\" \/><dl class='gallery-item'>\n\t\t\t<dt class='gallery-icon landscape'>\n\t\t\t\t<a href='https:\/\/www.kyffhaeuser-kameradschaft-ritterhude.de\/?attachment_id=217'><img loading=\"lazy\" decoding=\"async\" width=\"150\" height=\"150\" src=\"https:\/\/www.kyffhaeuser-kameradschaft-ritterhude.de\/wordpress\/wp-content\/uploads\/2017\/12\/Alter_Friedhof_04-imp-150x150.jpg\" class=\"attachment-thumbnail size-thumbnail\" alt=\"\" \/><\/a>\n\t\t\t<\/dt><\/dl><dl class='gallery-item'>\n\t\t\t<dt class='gallery-icon landscape'>\n\t\t\t\t<a href='https:\/\/www.kyffhaeuser-kameradschaft-ritterhude.de\/?attachment_id=218'><img loading=\"lazy\" decoding=\"async\" width=\"150\" height=\"150\" src=\"https:\/\/www.kyffhaeuser-kameradschaft-ritterhude.de\/wordpress\/wp-content\/uploads\/2017\/12\/Alter_Friedhof_05-imp-150x150.jpg\" class=\"attachment-thumbnail size-thumbnail\" alt=\"\" \/><\/a>\n\t\t\t<\/dt><\/dl><dl class='gallery-item'>\n\t\t\t<dt class='gallery-icon landscape'>\n\t\t\t\t<a href='https:\/\/www.kyffhaeuser-kameradschaft-ritterhude.de\/?attachment_id=219'><img loading=\"lazy\" decoding=\"async\" width=\"150\" height=\"150\" src=\"https:\/\/www.kyffhaeuser-kameradschaft-ritterhude.de\/wordpress\/wp-content\/uploads\/2017\/12\/Alter_Friedhof_06-imp-150x150.jpg\" class=\"attachment-thumbnail size-thumbnail\" alt=\"\" \/><\/a>\n\t\t\t<\/dt><\/dl><br style=\"clear: both\" \/><dl class='gallery-item'>\n\t\t\t<dt class='gallery-icon landscape'>\n\t\t\t\t<a href='https:\/\/www.kyffhaeuser-kameradschaft-ritterhude.de\/?attachment_id=220'><img loading=\"lazy\" decoding=\"async\" width=\"150\" height=\"150\" src=\"https:\/\/www.kyffhaeuser-kameradschaft-ritterhude.de\/wordpress\/wp-content\/uploads\/2017\/12\/Alter_Friedhof_07-imp-150x150.jpg\" class=\"attachment-thumbnail size-thumbnail\" alt=\"\" \/><\/a>\n\t\t\t<\/dt><\/dl><dl class='gallery-item'>\n\t\t\t<dt class='gallery-icon landscape'>\n\t\t\t\t<a href='https:\/\/www.kyffhaeuser-kameradschaft-ritterhude.de\/?attachment_id=221'><img loading=\"lazy\" decoding=\"async\" width=\"150\" height=\"150\" src=\"https:\/\/www.kyffhaeuser-kameradschaft-ritterhude.de\/wordpress\/wp-content\/uploads\/2017\/12\/Alter_Friedhof_08-imp-150x150.jpg\" class=\"attachment-thumbnail size-thumbnail\" alt=\"\" \/><\/a>\n\t\t\t<\/dt><\/dl><dl class='gallery-item'>\n\t\t\t<dt class='gallery-icon landscape'>\n\t\t\t\t<a href='https:\/\/www.kyffhaeuser-kameradschaft-ritterhude.de\/?attachment_id=222'><img loading=\"lazy\" decoding=\"async\" width=\"150\" height=\"150\" src=\"https:\/\/www.kyffhaeuser-kameradschaft-ritterhude.de\/wordpress\/wp-content\/uploads\/2017\/12\/Alter_Friedhof_09-imp-150x150.jpg\" class=\"attachment-thumbnail size-thumbnail\" alt=\"\" \/><\/a>\n\t\t\t<\/dt><\/dl><br style=\"clear: both\" \/><dl class='gallery-item'>\n\t\t\t<dt class='gallery-icon landscape'>\n\t\t\t\t<a href='https:\/\/www.kyffhaeuser-kameradschaft-ritterhude.de\/?attachment_id=223'><img loading=\"lazy\" decoding=\"async\" width=\"150\" height=\"150\" src=\"https:\/\/www.kyffhaeuser-kameradschaft-ritterhude.de\/wordpress\/wp-content\/uploads\/2017\/12\/Alter_Friedhof_10-imp-150x150.jpg\" class=\"attachment-thumbnail size-thumbnail\" alt=\"\" \/><\/a>\n\t\t\t<\/dt><\/dl><dl class='gallery-item'>\n\t\t\t<dt class='gallery-icon landscape'>\n\t\t\t\t<a href='https:\/\/www.kyffhaeuser-kameradschaft-ritterhude.de\/?attachment_id=224'><img loading=\"lazy\" decoding=\"async\" width=\"150\" height=\"150\" src=\"https:\/\/www.kyffhaeuser-kameradschaft-ritterhude.de\/wordpress\/wp-content\/uploads\/2017\/12\/Alter_Friedhof_11-imp-150x150.jpg\" class=\"attachment-thumbnail size-thumbnail\" alt=\"\" \/><\/a>\n\t\t\t<\/dt><\/dl><dl class='gallery-item'>\n\t\t\t<dt class='gallery-icon landscape'>\n\t\t\t\t<a href='https:\/\/www.kyffhaeuser-kameradschaft-ritterhude.de\/?attachment_id=225'><img loading=\"lazy\" decoding=\"async\" width=\"150\" height=\"150\" src=\"https:\/\/www.kyffhaeuser-kameradschaft-ritterhude.de\/wordpress\/wp-content\/uploads\/2017\/12\/Alter_Friedhof_12-imp-150x150.jpg\" class=\"attachment-thumbnail size-thumbnail\" alt=\"\" \/><\/a>\n\t\t\t<\/dt><\/dl><br style=\"clear: both\" \/><dl class='gallery-item'>\n\t\t\t<dt class='gallery-icon landscape'>\n\t\t\t\t<a href='https:\/\/www.kyffhaeuser-kameradschaft-ritterhude.de\/?attachment_id=226'><img loading=\"lazy\" decoding=\"async\" width=\"150\" height=\"150\" src=\"https:\/\/www.kyffhaeuser-kameradschaft-ritterhude.de\/wordpress\/wp-content\/uploads\/2017\/12\/Alter_Friedhof_13-imp-150x150.jpg\" class=\"attachment-thumbnail size-thumbnail\" alt=\"\" \/><\/a>\n\t\t\t<\/dt><\/dl><dl class='gallery-item'>\n\t\t\t<dt class='gallery-icon landscape'>\n\t\t\t\t<a href='https:\/\/www.kyffhaeuser-kameradschaft-ritterhude.de\/?attachment_id=227'><img loading=\"lazy\" decoding=\"async\" width=\"150\" height=\"150\" src=\"https:\/\/www.kyffhaeuser-kameradschaft-ritterhude.de\/wordpress\/wp-content\/uploads\/2017\/12\/Alter_Friedhof_14-imp-150x150.jpg\" class=\"attachment-thumbnail size-thumbnail\" alt=\"\" \/><\/a>\n\t\t\t<\/dt><\/dl><dl class='gallery-item'>\n\t\t\t<dt class='gallery-icon landscape'>\n\t\t\t\t<a href='https:\/\/www.kyffhaeuser-kameradschaft-ritterhude.de\/?attachment_id=228'><img loading=\"lazy\" decoding=\"async\" width=\"150\" height=\"150\" src=\"https:\/\/www.kyffhaeuser-kameradschaft-ritterhude.de\/wordpress\/wp-content\/uploads\/2017\/12\/Alter_Friedhof_15-imp-150x150.jpg\" class=\"attachment-thumbnail size-thumbnail\" alt=\"\" \/><\/a>\n\t\t\t<\/dt><\/dl><br style=\"clear: both\" \/><dl class='gallery-item'>\n\t\t\t<dt class='gallery-icon landscape'>\n\t\t\t\t<a href='https:\/\/www.kyffhaeuser-kameradschaft-ritterhude.de\/?attachment_id=229'><img loading=\"lazy\" decoding=\"async\" width=\"150\" height=\"150\" src=\"https:\/\/www.kyffhaeuser-kameradschaft-ritterhude.de\/wordpress\/wp-content\/uploads\/2017\/12\/Alter_Friedhof_16-imp-150x150.jpg\" class=\"attachment-thumbnail size-thumbnail\" alt=\"\" \/><\/a>\n\t\t\t<\/dt><\/dl><dl class='gallery-item'>\n\t\t\t<dt class='gallery-icon landscape'>\n\t\t\t\t<a href='https:\/\/www.kyffhaeuser-kameradschaft-ritterhude.de\/?attachment_id=230'><img loading=\"lazy\" decoding=\"async\" width=\"150\" height=\"150\" src=\"https:\/\/www.kyffhaeuser-kameradschaft-ritterhude.de\/wordpress\/wp-content\/uploads\/2017\/12\/Alter_Friedhof_17-imp-150x150.jpg\" class=\"attachment-thumbnail size-thumbnail\" alt=\"\" \/><\/a>\n\t\t\t<\/dt><\/dl><dl class='gallery-item'>\n\t\t\t<dt class='gallery-icon landscape'>\n\t\t\t\t<a href='https:\/\/www.kyffhaeuser-kameradschaft-ritterhude.de\/?attachment_id=231'><img loading=\"lazy\" decoding=\"async\" width=\"150\" height=\"150\" src=\"https:\/\/www.kyffhaeuser-kameradschaft-ritterhude.de\/wordpress\/wp-content\/uploads\/2017\/12\/Alter_Friedhof_18-imp-150x150.jpg\" class=\"attachment-thumbnail size-thumbnail\" alt=\"\" \/><\/a>\n\t\t\t<\/dt><\/dl><br style=\"clear: both\" \/><dl class='gallery-item'>\n\t\t\t<dt class='gallery-icon landscape'>\n\t\t\t\t<a href='https:\/\/www.kyffhaeuser-kameradschaft-ritterhude.de\/?attachment_id=232'><img loading=\"lazy\" decoding=\"async\" width=\"150\" height=\"150\" src=\"https:\/\/www.kyffhaeuser-kameradschaft-ritterhude.de\/wordpress\/wp-content\/uploads\/2017\/12\/Alter_Friedhof_19-imp-150x150.jpg\" class=\"attachment-thumbnail size-thumbnail\" alt=\"\" \/><\/a>\n\t\t\t<\/dt><\/dl><dl class='gallery-item'>\n\t\t\t<dt class='gallery-icon landscape'>\n\t\t\t\t<a href='https:\/\/www.kyffhaeuser-kameradschaft-ritterhude.de\/?attachment_id=233'><img loading=\"lazy\" decoding=\"async\" width=\"150\" height=\"150\" src=\"https:\/\/www.kyffhaeuser-kameradschaft-ritterhude.de\/wordpress\/wp-content\/uploads\/2017\/12\/Alter_Friedhof_20-imp-150x150.jpg\" class=\"attachment-thumbnail size-thumbnail\" alt=\"\" \/><\/a>\n\t\t\t<\/dt><\/dl><dl class='gallery-item'>\n\t\t\t<dt class='gallery-icon landscape'>\n\t\t\t\t<a href='https:\/\/www.kyffhaeuser-kameradschaft-ritterhude.de\/?attachment_id=234'><img loading=\"lazy\" decoding=\"async\" width=\"150\" height=\"150\" src=\"https:\/\/www.kyffhaeuser-kameradschaft-ritterhude.de\/wordpress\/wp-content\/uploads\/2017\/12\/Alter_Friedhof_21-imp-150x150.jpg\" class=\"attachment-thumbnail size-thumbnail\" alt=\"\" \/><\/a>\n\t\t\t<\/dt><\/dl><br style=\"clear: both\" \/><dl class='gallery-item'>\n\t\t\t<dt class='gallery-icon landscape'>\n\t\t\t\t<a href='https:\/\/www.kyffhaeuser-kameradschaft-ritterhude.de\/?attachment_id=235'><img loading=\"lazy\" decoding=\"async\" width=\"150\" height=\"150\" src=\"https:\/\/www.kyffhaeuser-kameradschaft-ritterhude.de\/wordpress\/wp-content\/uploads\/2017\/12\/Alter_Friedhof_22-imp-150x150.jpg\" class=\"attachment-thumbnail size-thumbnail\" alt=\"\" \/><\/a>\n\t\t\t<\/dt><\/dl><dl class='gallery-item'>\n\t\t\t<dt class='gallery-icon landscape'>\n\t\t\t\t<a href='https:\/\/www.kyffhaeuser-kameradschaft-ritterhude.de\/?attachment_id=236'><img loading=\"lazy\" decoding=\"async\" width=\"150\" height=\"150\" src=\"https:\/\/www.kyffhaeuser-kameradschaft-ritterhude.de\/wordpress\/wp-content\/uploads\/2017\/12\/Alter_Friedhof_23-imp-150x150.jpg\" class=\"attachment-thumbnail size-thumbnail\" alt=\"\" \/><\/a>\n\t\t\t<\/dt><\/dl><dl class='gallery-item'>\n\t\t\t<dt class='gallery-icon landscape'>\n\t\t\t\t<a href='https:\/\/www.kyffhaeuser-kameradschaft-ritterhude.de\/?attachment_id=237'><img loading=\"lazy\" decoding=\"async\" width=\"150\" height=\"150\" src=\"https:\/\/www.kyffhaeuser-kameradschaft-ritterhude.de\/wordpress\/wp-content\/uploads\/2017\/12\/Alter_Friedhof_24-imp-150x150.jpg\" class=\"attachment-thumbnail size-thumbnail\" alt=\"\" \/><\/a>\n\t\t\t<\/dt><\/dl><br style=\"clear: both\" \/><dl class='gallery-item'>\n\t\t\t<dt class='gallery-icon landscape'>\n\t\t\t\t<a href='https:\/\/www.kyffhaeuser-kameradschaft-ritterhude.de\/?attachment_id=238'><img loading=\"lazy\" decoding=\"async\" width=\"150\" height=\"150\" src=\"https:\/\/www.kyffhaeuser-kameradschaft-ritterhude.de\/wordpress\/wp-content\/uploads\/2017\/12\/Alter_Friedhof_25-imp-150x150.jpg\" class=\"attachment-thumbnail size-thumbnail\" alt=\"\" \/><\/a>\n\t\t\t<\/dt><\/dl><dl class='gallery-item'>\n\t\t\t<dt class='gallery-icon landscape'>\n\t\t\t\t<a href='https:\/\/www.kyffhaeuser-kameradschaft-ritterhude.de\/?attachment_id=239'><img loading=\"lazy\" decoding=\"async\" width=\"150\" height=\"150\" src=\"https:\/\/www.kyffhaeuser-kameradschaft-ritterhude.de\/wordpress\/wp-content\/uploads\/2017\/12\/Alter_Friedhof_26-imp-150x150.jpg\" class=\"attachment-thumbnail size-thumbnail\" alt=\"\" \/><\/a>\n\t\t\t<\/dt><\/dl><dl class='gallery-item'>\n\t\t\t<dt class='gallery-icon landscape'>\n\t\t\t\t<a href='https:\/\/www.kyffhaeuser-kameradschaft-ritterhude.de\/?attachment_id=240'><img loading=\"lazy\" decoding=\"async\" width=\"150\" height=\"150\" src=\"https:\/\/www.kyffhaeuser-kameradschaft-ritterhude.de\/wordpress\/wp-content\/uploads\/2017\/12\/Alter_Friedhof_27-imp-150x150.jpg\" class=\"attachment-thumbnail size-thumbnail\" alt=\"\" \/><\/a>\n\t\t\t<\/dt><\/dl><br style=\"clear: both\" \/><dl class='gallery-item'>\n\t\t\t<dt class='gallery-icon landscape'>\n\t\t\t\t<a href='https:\/\/www.kyffhaeuser-kameradschaft-ritterhude.de\/?attachment_id=241'><img loading=\"lazy\" decoding=\"async\" width=\"150\" height=\"150\" src=\"https:\/\/www.kyffhaeuser-kameradschaft-ritterhude.de\/wordpress\/wp-content\/uploads\/2017\/12\/Alter_Friedhof_28-imp-150x150.jpg\" class=\"attachment-thumbnail size-thumbnail\" alt=\"\" \/><\/a>\n\t\t\t<\/dt><\/dl><dl class='gallery-item'>\n\t\t\t<dt class='gallery-icon landscape'>\n\t\t\t\t<a href='https:\/\/www.kyffhaeuser-kameradschaft-ritterhude.de\/?attachment_id=242'><img loading=\"lazy\" decoding=\"async\" width=\"150\" height=\"150\" src=\"https:\/\/www.kyffhaeuser-kameradschaft-ritterhude.de\/wordpress\/wp-content\/uploads\/2017\/12\/Alter_Friedhof_29-imp-150x150.jpg\" class=\"attachment-thumbnail size-thumbnail\" alt=\"\" \/><\/a>\n\t\t\t<\/dt><\/dl><dl class='gallery-item'>\n\t\t\t<dt class='gallery-icon landscape'>\n\t\t\t\t<a href='https:\/\/www.kyffhaeuser-kameradschaft-ritterhude.de\/?attachment_id=243'><img loading=\"lazy\" decoding=\"async\" width=\"150\" height=\"150\" src=\"https:\/\/www.kyffhaeuser-kameradschaft-ritterhude.de\/wordpress\/wp-content\/uploads\/2017\/12\/Alter_Friedhof_30-imp-150x150.jpg\" class=\"attachment-thumbnail size-thumbnail\" alt=\"\" \/><\/a>\n\t\t\t<\/dt><\/dl><br style=\"clear: both\" \/><dl class='gallery-item'>\n\t\t\t<dt class='gallery-icon landscape'>\n\t\t\t\t<a href='https:\/\/www.kyffhaeuser-kameradschaft-ritterhude.de\/?attachment_id=244'><img loading=\"lazy\" decoding=\"async\" width=\"150\" height=\"150\" src=\"https:\/\/www.kyffhaeuser-kameradschaft-ritterhude.de\/wordpress\/wp-content\/uploads\/2017\/12\/Alter_Friedhof_31-imp-150x150.jpg\" class=\"attachment-thumbnail size-thumbnail\" alt=\"\" \/><\/a>\n\t\t\t<\/dt><\/dl><dl class='gallery-item'>\n\t\t\t<dt class='gallery-icon landscape'>\n\t\t\t\t<a href='https:\/\/www.kyffhaeuser-kameradschaft-ritterhude.de\/?attachment_id=245'><img loading=\"lazy\" decoding=\"async\" width=\"150\" height=\"150\" src=\"https:\/\/www.kyffhaeuser-kameradschaft-ritterhude.de\/wordpress\/wp-content\/uploads\/2017\/12\/Alter_Friedhof_32-imp-150x150.jpg\" class=\"attachment-thumbnail size-thumbnail\" alt=\"\" \/><\/a>\n\t\t\t<\/dt><\/dl><dl class='gallery-item'>\n\t\t\t<dt class='gallery-icon landscape'>\n\t\t\t\t<a href='https:\/\/www.kyffhaeuser-kameradschaft-ritterhude.de\/?attachment_id=246'><img loading=\"lazy\" decoding=\"async\" width=\"150\" height=\"150\" src=\"https:\/\/www.kyffhaeuser-kameradschaft-ritterhude.de\/wordpress\/wp-content\/uploads\/2017\/12\/Alter_Friedhof_33-imp-150x150.jpg\" class=\"attachment-thumbnail size-thumbnail\" alt=\"\" \/><\/a>\n\t\t\t<\/dt><\/dl><br style=\"clear: both\" \/><dl class='gallery-item'>\n\t\t\t<dt class='gallery-icon landscape'>\n\t\t\t\t<a href='https:\/\/www.kyffhaeuser-kameradschaft-ritterhude.de\/?attachment_id=247'><img loading=\"lazy\" decoding=\"async\" width=\"150\" height=\"150\" src=\"https:\/\/www.kyffhaeuser-kameradschaft-ritterhude.de\/wordpress\/wp-content\/uploads\/2017\/12\/Alter_Friedhof_34-imp-150x150.jpg\" class=\"attachment-thumbnail size-thumbnail\" alt=\"\" \/><\/a>\n\t\t\t<\/dt><\/dl><dl class='gallery-item'>\n\t\t\t<dt class='gallery-icon landscape'>\n\t\t\t\t<a href='https:\/\/www.kyffhaeuser-kameradschaft-ritterhude.de\/?attachment_id=248'><img loading=\"lazy\" decoding=\"async\" width=\"150\" height=\"150\" src=\"https:\/\/www.kyffhaeuser-kameradschaft-ritterhude.de\/wordpress\/wp-content\/uploads\/2017\/12\/Alter_Friedhof_35-imp-150x150.jpg\" class=\"attachment-thumbnail size-thumbnail\" alt=\"\" \/><\/a>\n\t\t\t<\/dt><\/dl><dl class='gallery-item'>\n\t\t\t<dt class='gallery-icon landscape'>\n\t\t\t\t<a href='https:\/\/www.kyffhaeuser-kameradschaft-ritterhude.de\/?attachment_id=249'><img loading=\"lazy\" decoding=\"async\" width=\"150\" height=\"150\" src=\"https:\/\/www.kyffhaeuser-kameradschaft-ritterhude.de\/wordpress\/wp-content\/uploads\/2017\/12\/Alter_Friedhof_36-imp-150x150.jpg\" class=\"attachment-thumbnail size-thumbnail\" alt=\"\" \/><\/a>\n\t\t\t<\/dt><\/dl><br style=\"clear: both\" \/>\n\t\t<\/div>\n\n","protected":false},"excerpt":{"rendered":"<p>Kriegsgr\u00e4berst\u00e4tte &#8222;Alter Friedhof&#8220;. Reinigen und Buschr\u00fcckschnitt 2016 durch die Kyffh\u00e4userkameradschaft<\/p>\n","protected":false},"author":1,"featured_media":0,"parent":211,"menu_order":0,"comment_status":"closed","ping_status":"closed","template":"","meta":{"ngg_post_thumbnail":0,"footnotes":""},"class_list":["post-213","page","type-page","status-publish","hentry"],"_links":{"self":[{"href":"https:\/\/www.kyffhaeuser-kameradschaft-ritterhude.de\/index.php?rest_route=\/wp\/v2\/pages\/213","targetHints":{"allow":["GET"]}}],"collection":[{"href":"https:\/\/www.kyffhaeuser-kameradschaft-ritterhude.de\/index.php?rest_route=\/wp\/v2\/pages"}],"about":[{"href":"https:\/\/www.kyffhaeuser-kameradschaft-ritterhude.de\/index.php?rest_route=\/wp\/v2\/types\/page"}],"author":[{"embeddable":true,"href":"https:\/\/www.kyffhaeuser-kameradschaft-ritterhude.de\/index.php?rest_route=\/wp\/v2\/users\/1"}],"replies":[{"embeddable":true,"href":"https:\/\/www.kyffhaeuser-kameradschaft-ritterhude.de\/index.php?rest_route=%2Fwp%2Fv2%2Fcomments&post=213"}],"version-history":[{"count":1,"href":"https:\/\/www.kyffhaeuser-kameradschaft-ritterhude.de\/index.php?rest_route=\/wp\/v2\/pages\/213\/revisions"}],"predecessor-version":[{"id":250,"href":"https:\/\/www.kyffhaeuser-kameradschaft-ritterhude.de\/index.php?rest_route=\/wp\/v2\/pages\/213\/revisions\/250"}],"up":[{"embeddable":true,"href":"https:\/\/www.kyffhaeuser-kameradschaft-ritterhude.de\/index.php?rest_route=\/wp\/v2\/pages\/211"}],"wp:attachment":[{"href":"https:\/\/www.kyffhaeuser-kameradschaft-ritterhude.de\/index.php?rest_route=%2Fwp%2Fv2%2Fmedia&parent=213"}],"curies":[{"name":"wp","href":"https:\/\/api.w.org\/{rel}","templated":true}]}}