{"id":112,"date":"2017-12-23T17:39:14","date_gmt":"2017-12-23T16:39:14","guid":{"rendered":"https:\/\/192.168.178.60\/wordpress\/?page_id=112"},"modified":"2017-12-28T09:11:33","modified_gmt":"2017-12-28T08:11:33","slug":"reinigung-des-kriegerdenkmals-in-ritterhude-platjenwerbe","status":"publish","type":"page","link":"https:\/\/www.kyffhaeuser-kameradschaft-ritterhude.de\/?page_id=112","title":{"rendered":"Reinigung des Kriegerdenkmals in Ritterhude-Platjenwerbe"},"content":{"rendered":"<p class=\"para-12\"><span class=\"font-18\">Die Mitglieder Berend Albrecht, Manfred B\u00e4rje, Gerhard Jantzen, Udo Sassenhagen und Hinrich Werkmeister waren im August\/September bei der Reinigung des Kriegerdenkmals in Platjenwerbe im Einsatz.<\/span><\/p>\n<p class=\"para-12\"><span class=\"font-18\">Lose Steine wurden neu mit M\u00f6rtel verfugt und das Denkmal wurde von Moos, Algen und anderem Bewuchs befreit. Schlussendlich wurden die Schriftz\u00fcge mit Hilfe von Farbe wieder leserlich gemacht.<\/span><\/p>\n<p class=\"para-12\"><span class=\"font-18\">Das Ergebnis \u00fcberzeugt, denn das Denkmal erstrahlt nun wieder in neuem Glanz. Es kann nun wieder seinen Zweck erf\u00fcllen, und als eine Gedenkst\u00e4tte und gleichzeitig Mahnst\u00e4tte zur Verhinderung weiterer Kriege dienen.<\/span><\/p>\n\n\t\t<style type=\"text\/css\">\n\t\t\t#gallery-1 {\n\t\t\t\tmargin: auto;\n\t\t\t}\n\t\t\t#gallery-1 .gallery-item {\n\t\t\t\tfloat: left;\n\t\t\t\tmargin-top: 10px;\n\t\t\t\ttext-align: center;\n\t\t\t\twidth: 33%;\n\t\t\t}\n\t\t\t#gallery-1 img {\n\t\t\t\tborder: 2px solid #cfcfcf;\n\t\t\t}\n\t\t\t#gallery-1 .gallery-caption {\n\t\t\t\tmargin-left: 0;\n\t\t\t}\n\t\t\t\/* see gallery_shortcode() in wp-includes\/media.php *\/\n\t\t<\/style>\n\t\t<div id='gallery-1' class='gallery galleryid-112 gallery-columns-3 gallery-size-thumbnail'><dl class='gallery-item'>\n\t\t\t<dt class='gallery-icon landscape'>\n\t\t\t\t<a href='https:\/\/www.kyffhaeuser-kameradschaft-ritterhude.de\/?attachment_id=178'><img loading=\"lazy\" decoding=\"async\" width=\"150\" height=\"150\" src=\"https:\/\/www.kyffhaeuser-kameradschaft-ritterhude.de\/wordpress\/wp-content\/uploads\/2017\/12\/DSCF0821-imp-150x150.jpg\" class=\"attachment-thumbnail size-thumbnail\" alt=\"\" \/><\/a>\n\t\t\t<\/dt><\/dl><dl class='gallery-item'>\n\t\t\t<dt class='gallery-icon landscape'>\n\t\t\t\t<a href='https:\/\/www.kyffhaeuser-kameradschaft-ritterhude.de\/?attachment_id=177'><img loading=\"lazy\" decoding=\"async\" width=\"150\" height=\"150\" src=\"https:\/\/www.kyffhaeuser-kameradschaft-ritterhude.de\/wordpress\/wp-content\/uploads\/2017\/12\/DSCF0819-imp-150x150.jpg\" class=\"attachment-thumbnail size-thumbnail\" alt=\"\" \/><\/a>\n\t\t\t<\/dt><\/dl><dl class='gallery-item'>\n\t\t\t<dt class='gallery-icon portrait'>\n\t\t\t\t<a href='https:\/\/www.kyffhaeuser-kameradschaft-ritterhude.de\/?attachment_id=176'><img loading=\"lazy\" decoding=\"async\" width=\"150\" height=\"150\" src=\"https:\/\/www.kyffhaeuser-kameradschaft-ritterhude.de\/wordpress\/wp-content\/uploads\/2017\/12\/2017-09-06-PHOTO-00000011-imp-150x150.jpg\" class=\"attachment-thumbnail size-thumbnail\" alt=\"\" \/><\/a>\n\t\t\t<\/dt><\/dl><br style=\"clear: both\" \/><dl class='gallery-item'>\n\t\t\t<dt class='gallery-icon portrait'>\n\t\t\t\t<a href='https:\/\/www.kyffhaeuser-kameradschaft-ritterhude.de\/?attachment_id=175'><img loading=\"lazy\" decoding=\"async\" width=\"150\" height=\"150\" src=\"https:\/\/www.kyffhaeuser-kameradschaft-ritterhude.de\/wordpress\/wp-content\/uploads\/2017\/12\/2017-09-06-PHOTO-00000010-imp-150x150.jpg\" class=\"attachment-thumbnail size-thumbnail\" alt=\"\" \/><\/a>\n\t\t\t<\/dt><\/dl><dl class='gallery-item'>\n\t\t\t<dt class='gallery-icon portrait'>\n\t\t\t\t<a href='https:\/\/www.kyffhaeuser-kameradschaft-ritterhude.de\/?attachment_id=174'><img loading=\"lazy\" decoding=\"async\" width=\"150\" height=\"150\" src=\"https:\/\/www.kyffhaeuser-kameradschaft-ritterhude.de\/wordpress\/wp-content\/uploads\/2017\/12\/2017-09-06-PHOTO-00000009-imp-150x150.jpg\" class=\"attachment-thumbnail size-thumbnail\" alt=\"\" \/><\/a>\n\t\t\t<\/dt><\/dl><dl class='gallery-item'>\n\t\t\t<dt class='gallery-icon landscape'>\n\t\t\t\t<a href='https:\/\/www.kyffhaeuser-kameradschaft-ritterhude.de\/?attachment_id=173'><img loading=\"lazy\" decoding=\"async\" width=\"150\" height=\"150\" src=\"https:\/\/www.kyffhaeuser-kameradschaft-ritterhude.de\/wordpress\/wp-content\/uploads\/2017\/12\/2017-09-06-PHOTO-00000008-imp-150x150.jpg\" class=\"attachment-thumbnail size-thumbnail\" alt=\"\" \/><\/a>\n\t\t\t<\/dt><\/dl><br style=\"clear: both\" \/><dl class='gallery-item'>\n\t\t\t<dt class='gallery-icon portrait'>\n\t\t\t\t<a href='https:\/\/www.kyffhaeuser-kameradschaft-ritterhude.de\/?attachment_id=172'><img loading=\"lazy\" decoding=\"async\" width=\"150\" height=\"150\" src=\"https:\/\/www.kyffhaeuser-kameradschaft-ritterhude.de\/wordpress\/wp-content\/uploads\/2017\/12\/2017-09-06-PHOTO-00000006-imp-150x150.jpg\" class=\"attachment-thumbnail size-thumbnail\" alt=\"\" \/><\/a>\n\t\t\t<\/dt><\/dl>\n\t\t\t<br style='clear: both' \/>\n\t\t<\/div>\n\n<p><a href=\"http:\/\/www.kyffhaeuser-kameradschaft-ritterhude.de\/download\/bericht-reinigung-platjenwerbe-ok-20171119.pdf\">Bericht im Weser-Kurier<\/a><\/p>\n","protected":false},"excerpt":{"rendered":"<p>Die Mitglieder Berend Albrecht, Manfred B\u00e4rje, Gerhard Jantzen, Udo Sassenhagen und Hinrich Werkmeister waren im August\/September bei der Reinigung des Kriegerdenkmals in Platjenwerbe im Einsatz. Lose Steine wurden neu mit M\u00f6rtel verfugt und das Denkmal wurde von Moos, Algen und anderem Bewuchs befreit. Schlussendlich wurden die Schriftz\u00fcge mit Hilfe von Farbe wieder leserlich gemacht. Das [&hellip;]<\/p>\n","protected":false},"author":1,"featured_media":0,"parent":123,"menu_order":0,"comment_status":"closed","ping_status":"closed","template":"","meta":{"ngg_post_thumbnail":0,"footnotes":""},"class_list":["post-112","page","type-page","status-publish","hentry"],"_links":{"self":[{"href":"https:\/\/www.kyffhaeuser-kameradschaft-ritterhude.de\/index.php?rest_route=\/wp\/v2\/pages\/112","targetHints":{"allow":["GET"]}}],"collection":[{"href":"https:\/\/www.kyffhaeuser-kameradschaft-ritterhude.de\/index.php?rest_route=\/wp\/v2\/pages"}],"about":[{"href":"https:\/\/www.kyffhaeuser-kameradschaft-ritterhude.de\/index.php?rest_route=\/wp\/v2\/types\/page"}],"author":[{"embeddable":true,"href":"https:\/\/www.kyffhaeuser-kameradschaft-ritterhude.de\/index.php?rest_route=\/wp\/v2\/users\/1"}],"replies":[{"embeddable":true,"href":"https:\/\/www.kyffhaeuser-kameradschaft-ritterhude.de\/index.php?rest_route=%2Fwp%2Fv2%2Fcomments&post=112"}],"version-history":[{"count":1,"href":"https:\/\/www.kyffhaeuser-kameradschaft-ritterhude.de\/index.php?rest_route=\/wp\/v2\/pages\/112\/revisions"}],"predecessor-version":[{"id":179,"href":"https:\/\/www.kyffhaeuser-kameradschaft-ritterhude.de\/index.php?rest_route=\/wp\/v2\/pages\/112\/revisions\/179"}],"up":[{"embeddable":true,"href":"https:\/\/www.kyffhaeuser-kameradschaft-ritterhude.de\/index.php?rest_route=\/wp\/v2\/pages\/123"}],"wp:attachment":[{"href":"https:\/\/www.kyffhaeuser-kameradschaft-ritterhude.de\/index.php?rest_route=%2Fwp%2Fv2%2Fmedia&parent=112"}],"curies":[{"name":"wp","href":"https:\/\/api.w.org\/{rel}","templated":true}]}}